{"id":18059,"date":"2023-11-18T17:54:04","date_gmt":"2023-11-18T17:54:04","guid":{"rendered":"https:\/\/keenitsolutions.com\/products\/wordpress\/braintech\/?page_id=18059"},"modified":"2024-02-13T09:24:54","modified_gmt":"2024-02-13T09:24:54","slug":"nos-partenaires","status":"publish","type":"page","link":"https:\/\/fibercorp.ma\/fr\/nos-partenaires\/","title":{"rendered":"Nos partenaires"},"content":{"rendered":"\t\t<div data-elementor-type=\"wp-page\" data-elementor-id=\"18059\" class=\"elementor elementor-18059\">\n\t\t\t\t\t\t<section class=\"elementor-section elementor-top-section elementor-element elementor-element-fdc1866 elementor-section-full_width elementor-section-stretched elementor-section-height-default elementor-section-height-default\" data-id=\"fdc1866\" data-element_type=\"section\" data-settings=\"{&quot;stretch_section&quot;:&quot;section-stretched&quot;,&quot;background_background&quot;:&quot;classic&quot;}\">\n\t\t\t\t\t\t<div class=\"elementor-container elementor-column-gap-default\">\n\t\t\t\t\t<div class=\"elementor-column elementor-col-100 elementor-top-column elementor-element elementor-element-b5970ec\" data-id=\"b5970ec\" data-element_type=\"column\">\n\t\t\t<div class=\"elementor-widget-wrap elementor-element-populated\">\n\t\t\t\t\t\t<section class=\"elementor-section elementor-inner-section elementor-element elementor-element-0c3dee8 elementor-section-content-middle elementor-section-boxed elementor-section-height-default elementor-section-height-default\" data-id=\"0c3dee8\" data-element_type=\"section\">\n\t\t\t\t\t\t<div class=\"elementor-container elementor-column-gap-default\">\n\t\t\t\t\t<div class=\"elementor-column elementor-col-50 elementor-inner-column elementor-element elementor-element-65ec91b\" data-id=\"65ec91b\" data-element_type=\"column\">\n\t\t\t<div class=\"elementor-widget-wrap elementor-element-populated\">\n\t\t\t\t\t\t<div class=\"elementor-element elementor-element-2253869 elementor-widget elementor-widget-rs-image-shabe-animation-effect\" data-id=\"2253869\" data-element_type=\"widget\" data-widget_type=\"rs-image-shabe-animation-effect.default\">\n\t\t\t\t<div class=\"elementor-widget-container\">\n\t\t\t\n        <div class=\"rs-animation-shape-image\">\n\n            \n\n                            <div class=\"middle-image\">\n                    <img decoding=\"async\" src=\"https:\/\/fibercorp.ma\/wp-content\/uploads\/2023\/11\/fiber-corp-s8.jpg\" alt=\"image\"\/>\n                <\/div>\n            \n\n                            <div class=\"shape\">\n                    <img decoding=\"async\" class=\"dance\" src=\"https:\/\/keenitsolutions.com\/products\/wordpress\/braintech\/wp-content\/uploads\/2020\/12\/dotted-3.png\" alt=\"image\"\/>\n                <\/div>\n            \n\n            \n\n\n        <\/div>      \n    \t\t<\/div>\n\t\t\t\t<\/div>\n\t\t\t\t\t<\/div>\n\t\t<\/div>\n\t\t\t\t<div class=\"elementor-column elementor-col-50 elementor-inner-column elementor-element elementor-element-7a70da7\" data-id=\"7a70da7\" data-element_type=\"column\">\n\t\t\t<div class=\"elementor-widget-wrap elementor-element-populated\">\n\t\t\t\t\t\t<div class=\"elementor-element elementor-element-1349309 elementor-widget elementor-widget-rs-heading\" data-id=\"1349309\" data-element_type=\"widget\" data-widget_type=\"rs-heading.default\">\n\t\t\t\t<div class=\"elementor-widget-container\">\n\t\t\t        <div class=\"rs-heading style15  \">\r\n        \t<div class=\"title-inner\">        \t\t      \t\t\r\n\t            <h4 class=\"title\"><span class=\"watermark\"><\/span>Distributeur des produits et solutions d'OFS OPTICS<\/h4>\t\t\t\t\t        <\/div>\r\n\t                    \t<div class=\"description\">\r\n            \t\t<p><strong>FIBERCORP<\/strong> est le revendeur et distributeur au Maroc et en Afrique de l'Ouest des c\u00e2bles et accessoires \u00e0 fibre optique d\u00e9velopp\u00e9s et produits par OFS OPTICS, le leader de l'industrie.<\/p><p>FIBERCORP est \u00e9galement le distributeur et revendeur au Maroc et en Afrique de l'Ouest pour <strong>OFS OPTICS<\/strong>, le leader mondial dans la production de c\u00e2bles et d'accessoires en fibre optique.<\/p>            \t\t\r\n            \t<\/div>\r\n        \t        <\/div>\r\n\r\n        \t\t<\/div>\n\t\t\t\t<\/div>\n\t\t\t\t\t<\/div>\n\t\t<\/div>\n\t\t\t\t\t<\/div>\n\t\t<\/section>\n\t\t\t\t\t<\/div>\n\t\t<\/div>\n\t\t\t\t\t<\/div>\n\t\t<\/section>\n\t\t\t\t<section class=\"elementor-section elementor-top-section elementor-element elementor-element-4a492d3 elementor-section-stretched elementor-section-boxed elementor-section-height-default elementor-section-height-default\" data-id=\"4a492d3\" data-element_type=\"section\" data-settings=\"{&quot;stretch_section&quot;:&quot;section-stretched&quot;,&quot;background_background&quot;:&quot;gradient&quot;}\">\n\t\t\t\t\t\t<div class=\"elementor-container elementor-column-gap-default\">\n\t\t\t\t\t<div class=\"elementor-column elementor-col-100 elementor-top-column elementor-element elementor-element-be2ae04\" data-id=\"be2ae04\" data-element_type=\"column\">\n\t\t\t<div class=\"elementor-widget-wrap elementor-element-populated\">\n\t\t\t\t\t\t<div class=\"elementor-element elementor-element-2091e12 elementor-widget elementor-widget-rs-heading\" data-id=\"2091e12\" data-element_type=\"widget\" data-widget_type=\"rs-heading.default\">\n\t\t\t\t<div class=\"elementor-widget-container\">\n\t\t\t        <div class=\"rs-heading style15  \">\r\n        \t<div class=\"title-inner\">        \t\t      \t\t\r\n\t            <h4 class=\"title\"><span class=\"watermark\"><\/span>Fiber Corp - Votre partenaire de premier choix en solutions \u00e0 fibre optique<\/h4>\t\t\t\t\t        <\/div>\r\n\t                    \t<div class=\"description\">\r\n            \t\t<p><span style=\"color: #ffffff\">FIBERCORP, avec son \u00e9quipe d'experts et d'ing\u00e9nieurs, agit en tant que consultant et fournisseur de solutions d'ing\u00e9nierie optimis\u00e9es. Nous proposons une formation de pointe et une expertise dans les installations et accessoires \u00e0 fibre optique pour les op\u00e9rateurs t\u00e9l\u00e9coms, les d\u00e9veloppeurs et les exploitants dans les secteurs de l'immobilier, du tourisme, du commerce et des zones industrielles.<\/span><\/p>            \t\t\r\n            \t<\/div>\r\n        \t        <\/div>\r\n\r\n        \t\t<\/div>\n\t\t\t\t<\/div>\n\t\t\t\t\t<\/div>\n\t\t<\/div>\n\t\t\t\t\t<\/div>\n\t\t<\/section>\n\t\t\t\t<section class=\"elementor-section elementor-top-section elementor-element elementor-element-1c954fd elementor-section-full_width elementor-section-stretched elementor-section-height-default elementor-section-height-default\" data-id=\"1c954fd\" data-element_type=\"section\" data-settings=\"{&quot;stretch_section&quot;:&quot;section-stretched&quot;,&quot;background_background&quot;:&quot;classic&quot;}\">\n\t\t\t\t\t\t<div class=\"elementor-container elementor-column-gap-default\">\n\t\t\t\t\t<div class=\"elementor-column elementor-col-100 elementor-top-column elementor-element elementor-element-cf56362\" data-id=\"cf56362\" data-element_type=\"column\">\n\t\t\t<div class=\"elementor-widget-wrap\">\n\t\t\t\t\t\t\t<\/div>\n\t\t<\/div>\n\t\t\t\t\t<\/div>\n\t\t<\/section>\n\t\t\t\t<section class=\"elementor-section elementor-top-section elementor-element elementor-element-38e69cc elementor-section-full_width elementor-section-stretched elementor-section-height-default elementor-section-height-default\" data-id=\"38e69cc\" data-element_type=\"section\" data-settings=\"{&quot;stretch_section&quot;:&quot;section-stretched&quot;,&quot;background_background&quot;:&quot;classic&quot;}\">\n\t\t\t\t\t\t<div class=\"elementor-container elementor-column-gap-default\">\n\t\t\t\t\t<div class=\"elementor-column elementor-col-100 elementor-top-column elementor-element elementor-element-d16e424\" data-id=\"d16e424\" data-element_type=\"column\">\n\t\t\t<div class=\"elementor-widget-wrap elementor-element-populated\">\n\t\t\t\t\t\t<section class=\"elementor-section elementor-inner-section elementor-element elementor-element-ed1ade0 elementor-section-content-top elementor-section-boxed elementor-section-height-default elementor-section-height-default\" data-id=\"ed1ade0\" data-element_type=\"section\">\n\t\t\t\t\t\t<div class=\"elementor-container elementor-column-gap-default\">\n\t\t\t\t\t<div class=\"elementor-column elementor-col-50 elementor-inner-column elementor-element elementor-element-67a6f0b elementor-hidden-tablet elementor-hidden-phone\" data-id=\"67a6f0b\" data-element_type=\"column\">\n\t\t\t<div class=\"elementor-widget-wrap elementor-element-populated\">\n\t\t\t\t\t\t<div class=\"elementor-element elementor-element-152b8d3 elementor-widget-tablet__width-initial elementor-widget elementor-widget-image\" data-id=\"152b8d3\" data-element_type=\"widget\" data-widget_type=\"image.default\">\n\t\t\t\t<div class=\"elementor-widget-container\">\n\t\t\t\t\t\t\t\t\t\t\t\t\t<img fetchpriority=\"high\" decoding=\"async\" width=\"657\" height=\"723\" src=\"https:\/\/fibercorp.ma\/fr\/wp-content\/uploads\/2023\/12\/besoin-fiber-corp-1.webp\" class=\"attachment-full size-full wp-image-22363\" alt=\"\" srcset=\"https:\/\/fibercorp.ma\/fr\/wp-content\/uploads\/2023\/12\/besoin-fiber-corp-1.webp 657w, https:\/\/fibercorp.ma\/fr\/wp-content\/uploads\/2023\/12\/besoin-fiber-corp-1-273x300.webp 273w, https:\/\/fibercorp.ma\/fr\/wp-content\/uploads\/2023\/12\/besoin-fiber-corp-1-600x660.webp 600w\" sizes=\"(max-width: 657px) 100vw, 657px\" \/>\t\t\t\t\t\t\t\t\t\t\t\t\t<\/div>\n\t\t\t\t<\/div>\n\t\t\t\t\t<\/div>\n\t\t<\/div>\n\t\t\t\t<div class=\"elementor-column elementor-col-50 elementor-inner-column elementor-element elementor-element-b543d38\" data-id=\"b543d38\" data-element_type=\"column\">\n\t\t\t<div class=\"elementor-widget-wrap elementor-element-populated\">\n\t\t\t\t\t\t<div class=\"elementor-element elementor-element-318daf2 phones elementor-widget elementor-widget-rs-contact-box\" data-id=\"318daf2\" data-element_type=\"widget\" data-widget_type=\"rs-contact-box.default\">\n\t\t\t\t<div class=\"elementor-widget-container\">\n\t\t\t\t\t\r\n\r\n\t\t<!-- Style 1 Start -->\r\n\t\t<div class=\"rs-contact-box\">\r\n\r\n\t\t\t\t\t\t<div class=\"address-item vertical boxstyle1\">\r\n\r\n\t\t\t\t\t\t\t            <div class=\"address-icon\">\r\n\t\t            \t\t\t            \t\t<i class=\"fa fa-phone\"><\/i>\r\n\t\t            \t\t\t            <\/div>\r\n\t\t            \r\n\t\t            <div class=\"address-text\">\r\n\t\t            \t\r\n\r\n\t\t            \t\r\n\r\n\t\t            \t\t\t            <\/div>\r\n\t\t        <\/div>\r\n\t\t\t\t\t<\/div>\r\n\r\n\t<!-- Style 1 End -->\t\r\n\t\t\r\n\t\t\t<\/div>\n\t\t\t\t<\/div>\n\t\t\t\t<div class=\"elementor-element elementor-element-97434c2 elementor-widget elementor-widget-rs-heading\" data-id=\"97434c2\" data-element_type=\"widget\" data-widget_type=\"rs-heading.default\">\n\t\t\t\t<div class=\"elementor-widget-container\">\n\t\t\t        <div class=\"rs-heading default center \">\r\n        \t<div class=\"title-inner\">        \t\t      \t\t\r\n\t            <h2 class=\"title\"><span class=\"watermark\"><\/span>APPELEZ-NOUS 24\/7<\/h2>\t\t\t\t\t        <\/div>\r\n\t                <\/div>\r\n\r\n        \t\t<\/div>\n\t\t\t\t<\/div>\n\t\t\t\t<div class=\"elementor-element elementor-element-471501d elementor-widget elementor-widget-rs-heading\" data-id=\"471501d\" data-element_type=\"widget\" data-widget_type=\"rs-heading.default\">\n\t\t\t\t<div class=\"elementor-widget-container\">\n\t\t\t        <div class=\"rs-heading default center \">\r\n        \t<div class=\"title-inner\">        \t\t      \t\t\r\n\t            \t\t\t\t\t        <\/div>\r\n\t                    \t<div class=\"description\">\r\n            \t\t<div class=\"elementor-element elementor-element-e72e971 elementor-widget elementor-widget-rs-heading\" data-id=\"e72e971\" data-element_type=\"widget\" data-widget_type=\"rs-heading.default\"><div class=\"elementor-widget-container\"><div class=\"rs-heading default center \"><div class=\"description\"><p>Vous explorez des solutions \u00e0 fibre optique ?<\/p><p>Contactez-nous avec vos id\u00e9es de projet ou vos questions. Appelez-nous ou programmez un rendez-vous, et nos repr\u00e9sentants comp\u00e9tents vous assisteront rapidement.\u200b<\/p><\/div><\/div><\/div><\/div><div class=\"elementor-element elementor-element-6051a9a elementor-widget elementor-widget-rs-button\" data-id=\"6051a9a\" data-element_type=\"widget\" data-widget_type=\"rs-button.default\"><div class=\"elementor-widget-container\">\u00a0<\/div><\/div>            \t\t\r\n            \t<\/div>\r\n        \t        <\/div>\r\n\r\n        \t\t<\/div>\n\t\t\t\t<\/div>\n\t\t\t\t<div class=\"elementor-element elementor-element-7ac3040 elementor-widget elementor-widget-rs-button\" data-id=\"7ac3040\" data-element_type=\"widget\" data-widget_type=\"rs-button.default\">\n\t\t\t\t<div class=\"elementor-widget-container\">\n\t\t\t\t\r\n\t\t\r\n\t\t\t\t\t<div class=\"rs-btn\">\r\n\t\t\t\t\t\t\t\t<a class=\"readon rs_button\" href=\"tel:+212665102453\" >\t\t\t\t\r\n\t\t\t\t\t<span class=\"btn_text\">Parlons-en<\/span>\r\n\t\t\t\t\t\t\t\t\t<\/a>\r\n\t\t\t<\/div> \r\n\t\t   \r\n\t\t\t<\/div>\n\t\t\t\t<\/div>\n\t\t\t\t\t<\/div>\n\t\t<\/div>\n\t\t\t\t\t<\/div>\n\t\t<\/section>\n\t\t\t\t\t<\/div>\n\t\t<\/div>\n\t\t\t\t\t<\/div>\n\t\t<\/section>\n\t\t\t\t<\/div>\n\t\t","protected":false},"excerpt":{"rendered":"<p>Distributeur des produits et solutions d&#8217;OFS OPTICS FIBERCORP est le revendeur et distributeur au Maroc et en Afrique de l&#8217;Ouest des c\u00e2bles et accessoires \u00e0 fibre optique d\u00e9velopp\u00e9s et produits par OFS OPTICS, le leader de l&#8217;industrie. FIBERCORP est \u00e9galement le distributeur et revendeur au Maroc et en Afrique de l&#8217;Ouest pour OFS OPTICS, le&#8230;<\/p>\n","protected":false},"author":1,"featured_media":0,"parent":0,"menu_order":0,"comment_status":"closed","ping_status":"closed","template":"","meta":{"footnotes":""},"class_list":["post-18059","page","type-page","status-publish","hentry"],"yoast_head":"<!-- This site is optimized with the Yoast SEO plugin v24.1 - https:\/\/yoast.com\/wordpress\/plugins\/seo\/ -->\n<title>Nos partenaires | FiberCorp<\/title>\n<meta name=\"robots\" content=\"index, follow, max-snippet:-1, max-image-preview:large, max-video-preview:-1\" \/>\n<link rel=\"canonical\" href=\"https:\/\/fibercorp.ma\/fr\/nos-partenaires\/\" \/>\n<meta property=\"og:locale\" content=\"fr_FR\" \/>\n<meta property=\"og:type\" content=\"article\" \/>\n<meta property=\"og:title\" content=\"Nos partenaires | FiberCorp\" \/>\n<meta property=\"og:description\" content=\"Distributeur des produits et solutions d&#8217;OFS OPTICS FIBERCORP est le revendeur et distributeur au Maroc et en Afrique de l&#8217;Ouest des c\u00e2bles et accessoires \u00e0 fibre optique d\u00e9velopp\u00e9s et produits par OFS OPTICS, le leader de l&#8217;industrie. FIBERCORP est \u00e9galement le distributeur et revendeur au Maroc et en Afrique de l&#8217;Ouest pour OFS OPTICS, le...\" \/>\n<meta property=\"og:url\" content=\"https:\/\/fibercorp.ma\/fr\/nos-partenaires\/\" \/>\n<meta property=\"og:site_name\" content=\"FiberCorp\" \/>\n<meta property=\"article:publisher\" content=\"https:\/\/facebook.com\/fibercorp.ma\" \/>\n<meta property=\"article:modified_time\" content=\"2024-02-13T09:24:54+00:00\" \/>\n<meta property=\"og:image\" content=\"https:\/\/fibercorp.ma\/wp-content\/uploads\/2023\/11\/fiber-corp-s8.jpg\" \/>\n<meta name=\"twitter:card\" content=\"summary_large_image\" \/>\n<meta name=\"twitter:site\" content=\"@fibercorp\" \/>\n<meta name=\"twitter:label1\" content=\"Dur\u00e9e de lecture estim\u00e9e\" \/>\n\t<meta name=\"twitter:data1\" content=\"2 minutes\" \/>\n<script type=\"application\/ld+json\" class=\"yoast-schema-graph\">{\"@context\":\"https:\/\/schema.org\",\"@graph\":[{\"@type\":\"WebPage\",\"@id\":\"https:\/\/fibercorp.ma\/fr\/nos-partenaires\/\",\"url\":\"https:\/\/fibercorp.ma\/fr\/nos-partenaires\/\",\"name\":\"Nos partenaires | FiberCorp\",\"isPartOf\":{\"@id\":\"https:\/\/fibercorp.ma\/fr\/#website\"},\"primaryImageOfPage\":{\"@id\":\"https:\/\/fibercorp.ma\/fr\/nos-partenaires\/#primaryimage\"},\"image\":{\"@id\":\"https:\/\/fibercorp.ma\/fr\/nos-partenaires\/#primaryimage\"},\"thumbnailUrl\":\"https:\/\/fibercorp.ma\/wp-content\/uploads\/2023\/11\/fiber-corp-s8.jpg\",\"datePublished\":\"2023-11-18T17:54:04+00:00\",\"dateModified\":\"2024-02-13T09:24:54+00:00\",\"breadcrumb\":{\"@id\":\"https:\/\/fibercorp.ma\/fr\/nos-partenaires\/#breadcrumb\"},\"inLanguage\":\"fr-FR\",\"potentialAction\":[{\"@type\":\"ReadAction\",\"target\":[\"https:\/\/fibercorp.ma\/fr\/nos-partenaires\/\"]}]},{\"@type\":\"ImageObject\",\"inLanguage\":\"fr-FR\",\"@id\":\"https:\/\/fibercorp.ma\/fr\/nos-partenaires\/#primaryimage\",\"url\":\"https:\/\/fibercorp.ma\/wp-content\/uploads\/2023\/11\/fiber-corp-s8.jpg\",\"contentUrl\":\"https:\/\/fibercorp.ma\/wp-content\/uploads\/2023\/11\/fiber-corp-s8.jpg\"},{\"@type\":\"BreadcrumbList\",\"@id\":\"https:\/\/fibercorp.ma\/fr\/nos-partenaires\/#breadcrumb\",\"itemListElement\":[{\"@type\":\"ListItem\",\"position\":1,\"name\":\"Home\",\"item\":\"https:\/\/fibercorp.ma\/fr\/\"},{\"@type\":\"ListItem\",\"position\":2,\"name\":\"Nos partenaires\"}]},{\"@type\":\"WebSite\",\"@id\":\"https:\/\/fibercorp.ma\/fr\/#website\",\"url\":\"https:\/\/fibercorp.ma\/fr\/\",\"name\":\"Fiber Corp\",\"description\":\"Revendeur et distributeur de OFS\/FURUKAWA\",\"publisher\":{\"@id\":\"https:\/\/fibercorp.ma\/fr\/#organization\"},\"potentialAction\":[{\"@type\":\"SearchAction\",\"target\":{\"@type\":\"EntryPoint\",\"urlTemplate\":\"https:\/\/fibercorp.ma\/fr\/?s={search_term_string}\"},\"query-input\":{\"@type\":\"PropertyValueSpecification\",\"valueRequired\":true,\"valueName\":\"search_term_string\"}}],\"inLanguage\":\"fr-FR\"},{\"@type\":\"Organization\",\"@id\":\"https:\/\/fibercorp.ma\/fr\/#organization\",\"name\":\"Fiber Corp\",\"url\":\"https:\/\/fibercorp.ma\/fr\/\",\"logo\":{\"@type\":\"ImageObject\",\"inLanguage\":\"fr-FR\",\"@id\":\"https:\/\/fibercorp.ma\/fr\/#\/schema\/logo\/image\/\",\"url\":\"https:\/\/fibercorp.ma\/wp-content\/uploads\/2023\/11\/Fiber-Corp-logo-png.png\",\"contentUrl\":\"https:\/\/fibercorp.ma\/wp-content\/uploads\/2023\/11\/Fiber-Corp-logo-png.png\",\"width\":1080,\"height\":1080,\"caption\":\"Fiber Corp\"},\"image\":{\"@id\":\"https:\/\/fibercorp.ma\/fr\/#\/schema\/logo\/image\/\"},\"sameAs\":[\"https:\/\/facebook.com\/fibercorp.ma\",\"https:\/\/x.com\/fibercorp\",\"https:\/\/linkedin.com\/company\/fibercorp-ma\"]}]}<\/script>\n<!-- \/ Yoast SEO plugin. -->","yoast_head_json":{"title":"Nos partenaires | FiberCorp","robots":{"index":"index","follow":"follow","max-snippet":"max-snippet:-1","max-image-preview":"max-image-preview:large","max-video-preview":"max-video-preview:-1"},"canonical":"https:\/\/fibercorp.ma\/fr\/nos-partenaires\/","og_locale":"fr_FR","og_type":"article","og_title":"Nos partenaires | FiberCorp","og_description":"Distributeur des produits et solutions d&#8217;OFS OPTICS FIBERCORP est le revendeur et distributeur au Maroc et en Afrique de l&#8217;Ouest des c\u00e2bles et accessoires \u00e0 fibre optique d\u00e9velopp\u00e9s et produits par OFS OPTICS, le leader de l&#8217;industrie. FIBERCORP est \u00e9galement le distributeur et revendeur au Maroc et en Afrique de l&#8217;Ouest pour OFS OPTICS, le...","og_url":"https:\/\/fibercorp.ma\/fr\/nos-partenaires\/","og_site_name":"FiberCorp","article_publisher":"https:\/\/facebook.com\/fibercorp.ma","article_modified_time":"2024-02-13T09:24:54+00:00","og_image":[{"url":"https:\/\/fibercorp.ma\/wp-content\/uploads\/2023\/11\/fiber-corp-s8.jpg","type":"","width":"","height":""}],"twitter_card":"summary_large_image","twitter_site":"@fibercorp","twitter_misc":{"Dur\u00e9e de lecture estim\u00e9e":"2 minutes"},"schema":{"@context":"https:\/\/schema.org","@graph":[{"@type":"WebPage","@id":"https:\/\/fibercorp.ma\/fr\/nos-partenaires\/","url":"https:\/\/fibercorp.ma\/fr\/nos-partenaires\/","name":"Nos partenaires | FiberCorp","isPartOf":{"@id":"https:\/\/fibercorp.ma\/fr\/#website"},"primaryImageOfPage":{"@id":"https:\/\/fibercorp.ma\/fr\/nos-partenaires\/#primaryimage"},"image":{"@id":"https:\/\/fibercorp.ma\/fr\/nos-partenaires\/#primaryimage"},"thumbnailUrl":"https:\/\/fibercorp.ma\/wp-content\/uploads\/2023\/11\/fiber-corp-s8.jpg","datePublished":"2023-11-18T17:54:04+00:00","dateModified":"2024-02-13T09:24:54+00:00","breadcrumb":{"@id":"https:\/\/fibercorp.ma\/fr\/nos-partenaires\/#breadcrumb"},"inLanguage":"fr-FR","potentialAction":[{"@type":"ReadAction","target":["https:\/\/fibercorp.ma\/fr\/nos-partenaires\/"]}]},{"@type":"ImageObject","inLanguage":"fr-FR","@id":"https:\/\/fibercorp.ma\/fr\/nos-partenaires\/#primaryimage","url":"https:\/\/fibercorp.ma\/wp-content\/uploads\/2023\/11\/fiber-corp-s8.jpg","contentUrl":"https:\/\/fibercorp.ma\/wp-content\/uploads\/2023\/11\/fiber-corp-s8.jpg"},{"@type":"BreadcrumbList","@id":"https:\/\/fibercorp.ma\/fr\/nos-partenaires\/#breadcrumb","itemListElement":[{"@type":"ListItem","position":1,"name":"Home","item":"https:\/\/fibercorp.ma\/fr\/"},{"@type":"ListItem","position":2,"name":"Nos partenaires"}]},{"@type":"WebSite","@id":"https:\/\/fibercorp.ma\/fr\/#website","url":"https:\/\/fibercorp.ma\/fr\/","name":"Fiber Corp","description":"Revendeur et distributeur de OFS\/FURUKAWA","publisher":{"@id":"https:\/\/fibercorp.ma\/fr\/#organization"},"potentialAction":[{"@type":"SearchAction","target":{"@type":"EntryPoint","urlTemplate":"https:\/\/fibercorp.ma\/fr\/?s={search_term_string}"},"query-input":{"@type":"PropertyValueSpecification","valueRequired":true,"valueName":"search_term_string"}}],"inLanguage":"fr-FR"},{"@type":"Organization","@id":"https:\/\/fibercorp.ma\/fr\/#organization","name":"Fiber Corp","url":"https:\/\/fibercorp.ma\/fr\/","logo":{"@type":"ImageObject","inLanguage":"fr-FR","@id":"https:\/\/fibercorp.ma\/fr\/#\/schema\/logo\/image\/","url":"https:\/\/fibercorp.ma\/wp-content\/uploads\/2023\/11\/Fiber-Corp-logo-png.png","contentUrl":"https:\/\/fibercorp.ma\/wp-content\/uploads\/2023\/11\/Fiber-Corp-logo-png.png","width":1080,"height":1080,"caption":"Fiber Corp"},"image":{"@id":"https:\/\/fibercorp.ma\/fr\/#\/schema\/logo\/image\/"},"sameAs":["https:\/\/facebook.com\/fibercorp.ma","https:\/\/x.com\/fibercorp","https:\/\/linkedin.com\/company\/fibercorp-ma"]}]}},"_links":{"self":[{"href":"https:\/\/fibercorp.ma\/fr\/wp-json\/wp\/v2\/pages\/18059","targetHints":{"allow":["GET"]}}],"collection":[{"href":"https:\/\/fibercorp.ma\/fr\/wp-json\/wp\/v2\/pages"}],"about":[{"href":"https:\/\/fibercorp.ma\/fr\/wp-json\/wp\/v2\/types\/page"}],"author":[{"embeddable":true,"href":"https:\/\/fibercorp.ma\/fr\/wp-json\/wp\/v2\/users\/1"}],"replies":[{"embeddable":true,"href":"https:\/\/fibercorp.ma\/fr\/wp-json\/wp\/v2\/comments?post=18059"}],"version-history":[{"count":71,"href":"https:\/\/fibercorp.ma\/fr\/wp-json\/wp\/v2\/pages\/18059\/revisions"}],"predecessor-version":[{"id":22448,"href":"https:\/\/fibercorp.ma\/fr\/wp-json\/wp\/v2\/pages\/18059\/revisions\/22448"}],"wp:attachment":[{"href":"https:\/\/fibercorp.ma\/fr\/wp-json\/wp\/v2\/media?parent=18059"}],"curies":[{"name":"wp","href":"https:\/\/api.w.org\/{rel}","templated":true}]}}