{"id":12164,"date":"2023-11-18T17:54:02","date_gmt":"2023-11-18T17:54:02","guid":{"rendered":"http:\/\/192.168.0.108\/braintech\/?page_id=12164"},"modified":"2024-01-03T17:47:30","modified_gmt":"2024-01-03T17:47:30","slug":"a-propos","status":"publish","type":"page","link":"https:\/\/fibercorp.ma\/fr\/a-propos\/","title":{"rendered":"\u00c0 propos"},"content":{"rendered":"\t\t<div data-elementor-type=\"wp-page\" data-elementor-id=\"12164\" class=\"elementor elementor-12164\">\n\t\t\t\t\t\t<section class=\"elementor-section elementor-top-section elementor-element elementor-element-b3a7298 elementor-section-full_width elementor-section-stretched elementor-section-height-default elementor-section-height-default\" data-id=\"b3a7298\" data-element_type=\"section\" data-settings=\"{&quot;stretch_section&quot;:&quot;section-stretched&quot;,&quot;background_background&quot;:&quot;classic&quot;}\">\n\t\t\t\t\t\t<div class=\"elementor-container elementor-column-gap-default\">\n\t\t\t\t\t<div class=\"elementor-column elementor-col-100 elementor-top-column elementor-element elementor-element-5fcc27b\" data-id=\"5fcc27b\" data-element_type=\"column\">\n\t\t\t<div class=\"elementor-widget-wrap elementor-element-populated\">\n\t\t\t\t\t\t<section class=\"elementor-section elementor-inner-section elementor-element elementor-element-f68885f elementor-section-content-middle elementor-section-boxed elementor-section-height-default elementor-section-height-default\" data-id=\"f68885f\" data-element_type=\"section\">\n\t\t\t\t\t\t<div class=\"elementor-container elementor-column-gap-default\">\n\t\t\t\t\t<div class=\"elementor-column elementor-col-50 elementor-inner-column elementor-element elementor-element-c2c1fb8\" data-id=\"c2c1fb8\" data-element_type=\"column\">\n\t\t\t<div class=\"elementor-widget-wrap elementor-element-populated\">\n\t\t\t\t\t\t<div class=\"elementor-element elementor-element-47a4f34 elementor-widget elementor-widget-rs-image-shabe-animation-effect\" data-id=\"47a4f34\" data-element_type=\"widget\" data-widget_type=\"rs-image-shabe-animation-effect.default\">\n\t\t\t\t<div class=\"elementor-widget-container\">\n\t\t\t\n        <div class=\"rs-animation-shape-image\">\n\n            \n\n                            <div class=\"middle-image\">\n                    <img decoding=\"async\" src=\"https:\/\/fibercorp.ma\/wp-content\/uploads\/2023\/11\/Fiber-Corp-logo-png.png\" alt=\"image\"\/>\n                <\/div>\n            \n\n                            <div class=\"shape\">\n                    <img decoding=\"async\" class=\"dance\" src=\"https:\/\/keenitsolutions.com\/products\/wordpress\/braintech\/wp-content\/uploads\/2020\/12\/dotted-3.png\" alt=\"image\"\/>\n                <\/div>\n            \n\n            \n\n\n        <\/div>      \n    \t\t<\/div>\n\t\t\t\t<\/div>\n\t\t\t\t\t<\/div>\n\t\t<\/div>\n\t\t\t\t<div class=\"elementor-column elementor-col-50 elementor-inner-column elementor-element elementor-element-cc40be7\" data-id=\"cc40be7\" data-element_type=\"column\">\n\t\t\t<div class=\"elementor-widget-wrap elementor-element-populated\">\n\t\t\t\t\t\t<div class=\"elementor-element elementor-element-273e746 elementor-widget elementor-widget-rs-heading\" data-id=\"273e746\" data-element_type=\"widget\" data-widget_type=\"rs-heading.default\">\n\t\t\t\t<div class=\"elementor-widget-container\">\n\t\t\t        <div class=\"rs-heading style15  \">\r\n        \t<div class=\"title-inner\">        \t\t      \t\t\r\n\t            <span class=\"sub-text \">\u00c0 propos<\/span><h3 class=\"title\"><span class=\"watermark\"><\/span>Expert et distributeur de c\u00e2bles et d'accessoires en fibre optique.<\/h3>\t\t\t\t\t        <\/div>\r\n\t                    \t<div class=\"description\">\r\n            \t\t<p><strong>FIBER CORP<\/strong> m\u00e8ne des \u00e9tudes et propose des solutions d'ing\u00e9nierie optimis\u00e9es pour les installations et accessoires en fibre optique, r\u00e9pondant aux d\u00e9fis auxquels sont confront\u00e9s divers acteurs \u00e9conomiques cherchant \u00e0 d\u00e9ployer des r\u00e9seaux \u00e0 fibre optique.<\/p><p>FIBERCORP est \u00e9galement le distributeur et revendeur au Maroc et en Afrique de l'Ouest pour <strong>OFS Optics<\/strong>, le leader mondial dans la production de c\u00e2bles et d'accessoires en fibre optique.<\/p>            \t\t\r\n            \t<\/div>\r\n        \t        <\/div>\r\n\r\n        \t\t<\/div>\n\t\t\t\t<\/div>\n\t\t\t\t\t<\/div>\n\t\t<\/div>\n\t\t\t\t\t<\/div>\n\t\t<\/section>\n\t\t\t\t\t<\/div>\n\t\t<\/div>\n\t\t\t\t\t<\/div>\n\t\t<\/section>\n\t\t\t\t<section class=\"elementor-section elementor-top-section elementor-element elementor-element-0280b11 elementor-section-full_width elementor-section-stretched elementor-section-height-default elementor-section-height-default\" data-id=\"0280b11\" data-element_type=\"section\" data-settings=\"{&quot;stretch_section&quot;:&quot;section-stretched&quot;,&quot;background_background&quot;:&quot;classic&quot;}\">\n\t\t\t\t\t\t<div class=\"elementor-container elementor-column-gap-default\">\n\t\t\t\t\t<div class=\"elementor-column elementor-col-100 elementor-top-column elementor-element elementor-element-f5bf5ec\" data-id=\"f5bf5ec\" data-element_type=\"column\">\n\t\t\t<div class=\"elementor-widget-wrap elementor-element-populated\">\n\t\t\t\t\t\t<section class=\"elementor-section elementor-inner-section elementor-element elementor-element-17ceb83 elementor-section-content-middle elementor-section-boxed elementor-section-height-default elementor-section-height-default\" data-id=\"17ceb83\" data-element_type=\"section\">\n\t\t\t\t\t\t<div class=\"elementor-container elementor-column-gap-default\">\n\t\t\t\t\t<div class=\"elementor-column elementor-col-50 elementor-inner-column elementor-element elementor-element-453ee9a\" data-id=\"453ee9a\" data-element_type=\"column\" data-settings=\"{&quot;background_background&quot;:&quot;classic&quot;}\">\n\t\t\t<div class=\"elementor-widget-wrap elementor-element-populated\">\n\t\t\t\t\t\t<div class=\"elementor-element elementor-element-f615194 elementor-widget elementor-widget-rs-heading\" data-id=\"f615194\" data-element_type=\"widget\" data-widget_type=\"rs-heading.default\">\n\t\t\t\t<div class=\"elementor-widget-container\">\n\t\t\t        <div class=\"rs-heading default  \">\r\n        \t<div class=\"title-inner\">        \t\t      \t\t\r\n\t            <h2 class=\"title\"><span class=\"watermark\"><\/span>Renforcez les r\u00e9seaux, un c\u00e2ble \u00e0 la fois. D\u00e9couvrez notre expertise en fibre optique.<\/h2>\t\t\t\t\t        <\/div>\r\n\t                <\/div>\r\n\r\n        \t\t<\/div>\n\t\t\t\t<\/div>\n\t\t\t\t\t<\/div>\n\t\t<\/div>\n\t\t\t\t<div class=\"elementor-column elementor-col-50 elementor-inner-column elementor-element elementor-element-c4284e8\" data-id=\"c4284e8\" data-element_type=\"column\">\n\t\t\t<div class=\"elementor-widget-wrap elementor-element-populated\">\n\t\t\t\t\t\t<div class=\"elementor-element elementor-element-78709d9 elementor-widget elementor-widget-rs-number-grid\" data-id=\"78709d9\" data-element_type=\"widget\" data-widget_type=\"rs-number-grid.default\">\n\t\t\t\t<div class=\"elementor-widget-container\">\n\t\t\t\t\t\t\r\n\t\t<div class=\"rs-addon-number number\">\r\n\t\t    <div class=\"number-part\">\t    \t\t       \r\n\t\t\t    <div class=\"number-text\">\r\n\t\t\t    \t\r\n\t\t\t    \t\t\r\n\r\n\t\t\t    \t\t\t\t    \t\t<p class=\"number-txt\">  <b>OFS OPTICS<\/b> exploite 10 R&amp;D laboratoires et 123 entreprises et unit\u00e9s dans le monde, y compris au Maroc (\u00e0 Tanger). Les produits de OFS OPTICS sont \u00e0 la pointe de la technologie et sont certifi\u00e9s selon les normes ISO 9001, 13485, 14001, 50001, TL9000 et les normes du syst\u00e8me de qualit\u00e9 IQ.<br><br>\n\nFIBER CORP fournit \u00e9galement des kits d'installation et des soudeuses par fusion.<br><br>\n\nDe plus, <b>FIBER CORP<\/b> propose une formation de pointe pour les techniciens et installateurs afin de r\u00e9ussir et d'optimiser le d\u00e9ploiement de la fibre optique et des accessoires, en tenant compte des derni\u00e8res avanc\u00e9es technologiques.<\/p>\t\r\n\t\t\t    \t\t\r\n\r\n\t    \t    \t\t\t\t    <\/div>\r\n\t\t\t<\/div>\r\n\t\t<\/div>\t\t\t\t\r\n\t\t\t<\/div>\n\t\t\t\t<\/div>\n\t\t\t\t<div class=\"elementor-element elementor-element-6df1d4b elementor-widget elementor-widget-rs-button\" data-id=\"6df1d4b\" data-element_type=\"widget\" data-widget_type=\"rs-button.default\">\n\t\t\t\t<div class=\"elementor-widget-container\">\n\t\t\t\t\r\n\t\t\r\n\t\t\t\t\t<div class=\"rs-btn\">\r\n\t\t\t\t\t\t\t\t<a class=\"readon rs_button\" href=\"https:\/\/ofsoptics.com\" >\t\t\t\t\r\n\t\t\t\t\t<span class=\"btn_text\">VISITE OFS OPTICS<\/span>\r\n\t\t\t\t\t\t\t\t\t<\/a>\r\n\t\t\t<\/div> \r\n\t\t   \r\n\t\t\t<\/div>\n\t\t\t\t<\/div>\n\t\t\t\t\t<\/div>\n\t\t<\/div>\n\t\t\t\t\t<\/div>\n\t\t<\/section>\n\t\t\t\t\t<\/div>\n\t\t<\/div>\n\t\t\t\t\t<\/div>\n\t\t<\/section>\n\t\t\t\t<\/div>\n\t\t","protected":false},"excerpt":{"rendered":"<p>\u00c0 propos Expert et distributeur de c\u00e2bles et d&#8217;accessoires en fibre optique. FIBER CORP m\u00e8ne des \u00e9tudes et propose des solutions d&#8217;ing\u00e9nierie optimis\u00e9es pour les installations et accessoires en fibre optique, r\u00e9pondant aux d\u00e9fis auxquels sont confront\u00e9s divers acteurs \u00e9conomiques cherchant \u00e0 d\u00e9ployer des r\u00e9seaux \u00e0 fibre optique. FIBERCORP est \u00e9galement le distributeur et revendeur&#8230;<\/p>\n","protected":false},"author":1,"featured_media":0,"parent":0,"menu_order":0,"comment_status":"closed","ping_status":"closed","template":"","meta":{"footnotes":""},"class_list":["post-12164","page","type-page","status-publish","hentry"],"yoast_head":"<!-- This site is optimized with the Yoast SEO plugin v24.1 - https:\/\/yoast.com\/wordpress\/plugins\/seo\/ -->\n<title>\u00c0 propos | FiberCorp<\/title>\n<meta name=\"robots\" content=\"index, follow, max-snippet:-1, max-image-preview:large, max-video-preview:-1\" \/>\n<link rel=\"canonical\" href=\"https:\/\/fibercorp.ma\/fr\/a-propos\/\" \/>\n<meta property=\"og:locale\" content=\"fr_FR\" \/>\n<meta property=\"og:type\" content=\"article\" \/>\n<meta property=\"og:title\" content=\"\u00c0 propos | FiberCorp\" \/>\n<meta property=\"og:description\" content=\"\u00c0 propos Expert et distributeur de c\u00e2bles et d&#8217;accessoires en fibre optique. FIBER CORP m\u00e8ne des \u00e9tudes et propose des solutions d&#8217;ing\u00e9nierie optimis\u00e9es pour les installations et accessoires en fibre optique, r\u00e9pondant aux d\u00e9fis auxquels sont confront\u00e9s divers acteurs \u00e9conomiques cherchant \u00e0 d\u00e9ployer des r\u00e9seaux \u00e0 fibre optique. FIBERCORP est \u00e9galement le distributeur et revendeur...\" \/>\n<meta property=\"og:url\" content=\"https:\/\/fibercorp.ma\/fr\/a-propos\/\" \/>\n<meta property=\"og:site_name\" content=\"FiberCorp\" \/>\n<meta property=\"article:publisher\" content=\"https:\/\/facebook.com\/fibercorp.ma\" \/>\n<meta property=\"article:modified_time\" content=\"2024-01-03T17:47:30+00:00\" \/>\n<meta property=\"og:image\" content=\"https:\/\/fibercorp.ma\/wp-content\/uploads\/2023\/11\/Fiber-Corp-logo-png.png\" \/>\n<meta name=\"twitter:card\" content=\"summary_large_image\" \/>\n<meta name=\"twitter:site\" content=\"@fibercorp\" \/>\n<meta name=\"twitter:label1\" content=\"Dur\u00e9e de lecture estim\u00e9e\" \/>\n\t<meta name=\"twitter:data1\" content=\"2 minutes\" \/>\n<script type=\"application\/ld+json\" class=\"yoast-schema-graph\">{\"@context\":\"https:\/\/schema.org\",\"@graph\":[{\"@type\":\"WebPage\",\"@id\":\"https:\/\/fibercorp.ma\/fr\/a-propos\/\",\"url\":\"https:\/\/fibercorp.ma\/fr\/a-propos\/\",\"name\":\"\u00c0 propos | FiberCorp\",\"isPartOf\":{\"@id\":\"https:\/\/fibercorp.ma\/fr\/#website\"},\"primaryImageOfPage\":{\"@id\":\"https:\/\/fibercorp.ma\/fr\/a-propos\/#primaryimage\"},\"image\":{\"@id\":\"https:\/\/fibercorp.ma\/fr\/a-propos\/#primaryimage\"},\"thumbnailUrl\":\"https:\/\/fibercorp.ma\/wp-content\/uploads\/2023\/11\/Fiber-Corp-logo-png.png\",\"datePublished\":\"2023-11-18T17:54:02+00:00\",\"dateModified\":\"2024-01-03T17:47:30+00:00\",\"breadcrumb\":{\"@id\":\"https:\/\/fibercorp.ma\/fr\/a-propos\/#breadcrumb\"},\"inLanguage\":\"fr-FR\",\"potentialAction\":[{\"@type\":\"ReadAction\",\"target\":[\"https:\/\/fibercorp.ma\/fr\/a-propos\/\"]}]},{\"@type\":\"ImageObject\",\"inLanguage\":\"fr-FR\",\"@id\":\"https:\/\/fibercorp.ma\/fr\/a-propos\/#primaryimage\",\"url\":\"https:\/\/fibercorp.ma\/wp-content\/uploads\/2023\/11\/Fiber-Corp-logo-png.png\",\"contentUrl\":\"https:\/\/fibercorp.ma\/wp-content\/uploads\/2023\/11\/Fiber-Corp-logo-png.png\"},{\"@type\":\"BreadcrumbList\",\"@id\":\"https:\/\/fibercorp.ma\/fr\/a-propos\/#breadcrumb\",\"itemListElement\":[{\"@type\":\"ListItem\",\"position\":1,\"name\":\"Home\",\"item\":\"https:\/\/fibercorp.ma\/fr\/\"},{\"@type\":\"ListItem\",\"position\":2,\"name\":\"\u00c0 propos\"}]},{\"@type\":\"WebSite\",\"@id\":\"https:\/\/fibercorp.ma\/fr\/#website\",\"url\":\"https:\/\/fibercorp.ma\/fr\/\",\"name\":\"Fiber Corp\",\"description\":\"Revendeur et distributeur de OFS\/FURUKAWA\",\"publisher\":{\"@id\":\"https:\/\/fibercorp.ma\/fr\/#organization\"},\"potentialAction\":[{\"@type\":\"SearchAction\",\"target\":{\"@type\":\"EntryPoint\",\"urlTemplate\":\"https:\/\/fibercorp.ma\/fr\/?s={search_term_string}\"},\"query-input\":{\"@type\":\"PropertyValueSpecification\",\"valueRequired\":true,\"valueName\":\"search_term_string\"}}],\"inLanguage\":\"fr-FR\"},{\"@type\":\"Organization\",\"@id\":\"https:\/\/fibercorp.ma\/fr\/#organization\",\"name\":\"Fiber Corp\",\"url\":\"https:\/\/fibercorp.ma\/fr\/\",\"logo\":{\"@type\":\"ImageObject\",\"inLanguage\":\"fr-FR\",\"@id\":\"https:\/\/fibercorp.ma\/fr\/#\/schema\/logo\/image\/\",\"url\":\"https:\/\/fibercorp.ma\/wp-content\/uploads\/2023\/11\/Fiber-Corp-logo-png.png\",\"contentUrl\":\"https:\/\/fibercorp.ma\/wp-content\/uploads\/2023\/11\/Fiber-Corp-logo-png.png\",\"width\":1080,\"height\":1080,\"caption\":\"Fiber Corp\"},\"image\":{\"@id\":\"https:\/\/fibercorp.ma\/fr\/#\/schema\/logo\/image\/\"},\"sameAs\":[\"https:\/\/facebook.com\/fibercorp.ma\",\"https:\/\/x.com\/fibercorp\",\"https:\/\/linkedin.com\/company\/fibercorp-ma\"]}]}<\/script>\n<!-- \/ Yoast SEO plugin. -->","yoast_head_json":{"title":"\u00c0 propos | FiberCorp","robots":{"index":"index","follow":"follow","max-snippet":"max-snippet:-1","max-image-preview":"max-image-preview:large","max-video-preview":"max-video-preview:-1"},"canonical":"https:\/\/fibercorp.ma\/fr\/a-propos\/","og_locale":"fr_FR","og_type":"article","og_title":"\u00c0 propos | FiberCorp","og_description":"\u00c0 propos Expert et distributeur de c\u00e2bles et d&#8217;accessoires en fibre optique. FIBER CORP m\u00e8ne des \u00e9tudes et propose des solutions d&#8217;ing\u00e9nierie optimis\u00e9es pour les installations et accessoires en fibre optique, r\u00e9pondant aux d\u00e9fis auxquels sont confront\u00e9s divers acteurs \u00e9conomiques cherchant \u00e0 d\u00e9ployer des r\u00e9seaux \u00e0 fibre optique. FIBERCORP est \u00e9galement le distributeur et revendeur...","og_url":"https:\/\/fibercorp.ma\/fr\/a-propos\/","og_site_name":"FiberCorp","article_publisher":"https:\/\/facebook.com\/fibercorp.ma","article_modified_time":"2024-01-03T17:47:30+00:00","og_image":[{"url":"https:\/\/fibercorp.ma\/wp-content\/uploads\/2023\/11\/Fiber-Corp-logo-png.png","type":"","width":"","height":""}],"twitter_card":"summary_large_image","twitter_site":"@fibercorp","twitter_misc":{"Dur\u00e9e de lecture estim\u00e9e":"2 minutes"},"schema":{"@context":"https:\/\/schema.org","@graph":[{"@type":"WebPage","@id":"https:\/\/fibercorp.ma\/fr\/a-propos\/","url":"https:\/\/fibercorp.ma\/fr\/a-propos\/","name":"\u00c0 propos | FiberCorp","isPartOf":{"@id":"https:\/\/fibercorp.ma\/fr\/#website"},"primaryImageOfPage":{"@id":"https:\/\/fibercorp.ma\/fr\/a-propos\/#primaryimage"},"image":{"@id":"https:\/\/fibercorp.ma\/fr\/a-propos\/#primaryimage"},"thumbnailUrl":"https:\/\/fibercorp.ma\/wp-content\/uploads\/2023\/11\/Fiber-Corp-logo-png.png","datePublished":"2023-11-18T17:54:02+00:00","dateModified":"2024-01-03T17:47:30+00:00","breadcrumb":{"@id":"https:\/\/fibercorp.ma\/fr\/a-propos\/#breadcrumb"},"inLanguage":"fr-FR","potentialAction":[{"@type":"ReadAction","target":["https:\/\/fibercorp.ma\/fr\/a-propos\/"]}]},{"@type":"ImageObject","inLanguage":"fr-FR","@id":"https:\/\/fibercorp.ma\/fr\/a-propos\/#primaryimage","url":"https:\/\/fibercorp.ma\/wp-content\/uploads\/2023\/11\/Fiber-Corp-logo-png.png","contentUrl":"https:\/\/fibercorp.ma\/wp-content\/uploads\/2023\/11\/Fiber-Corp-logo-png.png"},{"@type":"BreadcrumbList","@id":"https:\/\/fibercorp.ma\/fr\/a-propos\/#breadcrumb","itemListElement":[{"@type":"ListItem","position":1,"name":"Home","item":"https:\/\/fibercorp.ma\/fr\/"},{"@type":"ListItem","position":2,"name":"\u00c0 propos"}]},{"@type":"WebSite","@id":"https:\/\/fibercorp.ma\/fr\/#website","url":"https:\/\/fibercorp.ma\/fr\/","name":"Fiber Corp","description":"Revendeur et distributeur de OFS\/FURUKAWA","publisher":{"@id":"https:\/\/fibercorp.ma\/fr\/#organization"},"potentialAction":[{"@type":"SearchAction","target":{"@type":"EntryPoint","urlTemplate":"https:\/\/fibercorp.ma\/fr\/?s={search_term_string}"},"query-input":{"@type":"PropertyValueSpecification","valueRequired":true,"valueName":"search_term_string"}}],"inLanguage":"fr-FR"},{"@type":"Organization","@id":"https:\/\/fibercorp.ma\/fr\/#organization","name":"Fiber Corp","url":"https:\/\/fibercorp.ma\/fr\/","logo":{"@type":"ImageObject","inLanguage":"fr-FR","@id":"https:\/\/fibercorp.ma\/fr\/#\/schema\/logo\/image\/","url":"https:\/\/fibercorp.ma\/wp-content\/uploads\/2023\/11\/Fiber-Corp-logo-png.png","contentUrl":"https:\/\/fibercorp.ma\/wp-content\/uploads\/2023\/11\/Fiber-Corp-logo-png.png","width":1080,"height":1080,"caption":"Fiber Corp"},"image":{"@id":"https:\/\/fibercorp.ma\/fr\/#\/schema\/logo\/image\/"},"sameAs":["https:\/\/facebook.com\/fibercorp.ma","https:\/\/x.com\/fibercorp","https:\/\/linkedin.com\/company\/fibercorp-ma"]}]}},"_links":{"self":[{"href":"https:\/\/fibercorp.ma\/fr\/wp-json\/wp\/v2\/pages\/12164","targetHints":{"allow":["GET"]}}],"collection":[{"href":"https:\/\/fibercorp.ma\/fr\/wp-json\/wp\/v2\/pages"}],"about":[{"href":"https:\/\/fibercorp.ma\/fr\/wp-json\/wp\/v2\/types\/page"}],"author":[{"embeddable":true,"href":"https:\/\/fibercorp.ma\/fr\/wp-json\/wp\/v2\/users\/1"}],"replies":[{"embeddable":true,"href":"https:\/\/fibercorp.ma\/fr\/wp-json\/wp\/v2\/comments?post=12164"}],"version-history":[{"count":99,"href":"https:\/\/fibercorp.ma\/fr\/wp-json\/wp\/v2\/pages\/12164\/revisions"}],"predecessor-version":[{"id":22427,"href":"https:\/\/fibercorp.ma\/fr\/wp-json\/wp\/v2\/pages\/12164\/revisions\/22427"}],"wp:attachment":[{"href":"https:\/\/fibercorp.ma\/fr\/wp-json\/wp\/v2\/media?parent=12164"}],"curies":[{"name":"wp","href":"https:\/\/api.w.org\/{rel}","templated":true}]}}